{"id":206984,"date":"2018-09-06T11:28:51","date_gmt":"2018-09-06T09:28:51","guid":{"rendered":"http:\/\/ramnet.es\/ramnet\/?page_id=206984"},"modified":"2018-09-06T11:28:51","modified_gmt":"2018-09-06T09:28:51","slug":"politica-de-privacidad","status":"publish","type":"page","link":"https:\/\/ramnet.es\/ramnet\/politica-de-privacidad","title":{"rendered":"Pol\u00edtica de Privacidad"},"content":{"rendered":"<p>[et_pb_section fb_built=\u00bb1&#8243; admin_label=\u00bbHero Section\u00bb _builder_version=\u00bb3.0.92&#8243; use_background_color_gradient=\u00bbon\u00bb background_color_gradient_start=\u00bb#2d3756&#8243; background_color_gradient_end=\u00bb#212529&#8243; custom_padding=\u00bb102px|0px|100px|0px|false|false\u00bb][et_pb_row _builder_version=\u00bb3.0.93&#8243; background_size=\u00bbinitial\u00bb background_position=\u00bbtop_left\u00bb background_repeat=\u00bbrepeat\u00bb][et_pb_column type=\u00bb4_4&#8243; _builder_version=\u00bb3.0.47&#8243; parallax=\u00bboff\u00bb parallax_method=\u00bbon\u00bb][et_pb_text _builder_version=\u00bb3.0.93&#8243; text_font=\u00bbPT Sans||||||||\u00bb text_text_color=\u00bbrgba(255,255,255,0.7)\u00bb text_font_size=\u00bb18px\u00bb text_line_height=\u00bb1.8em\u00bb header_font=\u00bbPoppins|500|||||||\u00bb header_font_size=\u00bb44px\u00bb header_line_height=\u00bb1.3em\u00bb header_2_font=\u00bb||||||||\u00bb header_3_font=\u00bb||||||||\u00bb header_4_font=\u00bb||||||||\u00bb text_orientation=\u00bbcenter\u00bb background_layout=\u00bbdark\u00bb max_width=\u00bb700px\u00bb module_alignment=\u00bbcenter\u00bb]<\/p>\n<h1><span style=\"text-decoration: underline;\">Pol\u00edtica de Privacidad<\/span><\/h1>\n<p><span style=\"text-decoration: underline;\"><\/span><\/p>\n<p style=\"text-align: justify;\">En cumplimiento de la normativa vigente en materia de Protecci\u00f3n de Datos personales, le informamos que los datos personales facilitados por los usuarios de esta Web en sus distintos formularios ser\u00e1n incorporados y tratados en uno o m\u00e1s ficheros titularidad de RAMNET INFORM\u00c1TICA S.L.U. con la finalidad de gestionar su solicitud, as\u00ed como para mantenerle informado, incluso por v\u00eda electr\u00f3nica, de futuras noticias y novedades relacionadas con nuestra empresa.<\/p>\n<p style=\"text-align: justify;\">Los datos que se solicitan en los distintos formularios marcados con asterisco (*) son los estrictamente necesarios para poder proporcionarle el servicio solicitado o poder contactar con el usuario.<\/p>\n<p style=\"text-align: justify;\">El usuario garantiza la veracidad de los datos personales proporcionados, siendo el \u00fanico responsable de cualquier da\u00f1o o perjuicio, directo o indirecto, que pudiera ocasionar a RAMNET INFORM\u00c1TICA S.L.U. a causa de la cumplimentaci\u00f3n de los formularios con datos falsos, inexactos o incompletos.<\/p>\n<p style=\"text-align: justify;\">En caso de que el usuario incluya datos personales de terceras personas deber\u00e1, con car\u00e1cter personal facilitados por los usuarios de esta web a terceras personas o empresas sin el consentimiento previo, expreso, informado e inequ\u00edvoco del afectado.<\/p>\n<p style=\"text-align: justify;\">Los usuarios pueden ejercitar los derechos de acceso, rectificaci\u00f3n, cancelaci\u00f3n, limitaci\u00f3n del tratamiento, oposici\u00f3n y portabilidad reconocidos en la actual legislaci\u00f3n mediante comunicaci\u00f3n escrita al responsable del tratamiento que se cita abajo, o a la direcci\u00f3n de correo electr\u00f3nico:\u00a0 <a href=\"mailto:comercial@ramnet.es\">comercial@ramnet.es<\/a> o mediante el formulario de ejercicio de derechos proporcionado en la direcci\u00f3n antes indicada.<\/p>\n<p style=\"text-align: justify;\">Responsable del Tratamiento:<\/p>\n<p style=\"text-align: justify;\">RAMNET INFORM\u00c1TICA S.L.U.<\/p>\n<p style=\"text-align: justify;\">577, NUM. 33 LA CA\u00d1ADA<\/p>\n<p style=\"text-align: justify;\">PATERNA<\/p>\n<p style=\"text-align: justify;\">VALENCIA<\/p>\n<p style=\"text-align: justify;\">\n<p>&nbsp;<\/p>\n<p>[\/et_pb_text][\/et_pb_column][\/et_pb_row][\/et_pb_section]<\/p>\n","protected":false},"excerpt":{"rendered":"<p>Pol\u00edtica de Privacidad En cumplimiento de la normativa vigente en materia de Protecci\u00f3n de Datos personales, le informamos que los datos personales facilitados por los usuarios de esta Web en sus distintos formularios ser\u00e1n incorporados y tratados en uno o m\u00e1s ficheros titularidad de RAMNET INFORM\u00c1TICA S.L.U. con la finalidad de gestionar su solicitud, as\u00ed [&hellip;]<\/p>\n","protected":false},"author":1,"featured_media":0,"parent":0,"menu_order":0,"comment_status":"closed","ping_status":"closed","template":"","meta":{"_et_pb_use_builder":"on","_et_pb_old_content":"","_et_gb_content_width":"","footnotes":""},"class_list":["post-206984","page","type-page","status-publish","hentry"],"yoast_head":"<!-- This site is optimized with the Yoast SEO plugin v26.9 - https:\/\/yoast.com\/product\/yoast-seo-wordpress\/ -->\n<title>Pol\u00edtica de Privacidad - RAMNET INFORM\u00c1TICA<\/title>\n<meta name=\"robots\" content=\"index, follow, max-snippet:-1, max-image-preview:large, max-video-preview:-1\" \/>\n<link rel=\"canonical\" href=\"http:\/\/ramnet.es\/ramnet\/politica-de-privacidad\" \/>\n<meta property=\"og:locale\" content=\"es_ES\" \/>\n<meta property=\"og:type\" content=\"article\" \/>\n<meta property=\"og:title\" content=\"Pol\u00edtica de Privacidad - RAMNET INFORM\u00c1TICA\" \/>\n<meta property=\"og:description\" content=\"Pol\u00edtica de Privacidad En cumplimiento de la normativa vigente en materia de Protecci\u00f3n de Datos personales, le informamos que los datos personales facilitados por los usuarios de esta Web en sus distintos formularios ser\u00e1n incorporados y tratados en uno o m\u00e1s ficheros titularidad de RAMNET INFORM\u00c1TICA S.L.U. con la finalidad de gestionar su solicitud, as\u00ed [&hellip;]\" \/>\n<meta property=\"og:url\" content=\"http:\/\/ramnet.es\/ramnet\/politica-de-privacidad\" \/>\n<meta property=\"og:site_name\" content=\"RAMNET INFORM\u00c1TICA\" \/>\n<meta name=\"twitter:card\" content=\"summary_large_image\" \/>\n<meta name=\"twitter:label1\" content=\"Tiempo de lectura\" \/>\n\t<meta name=\"twitter:data1\" content=\"2 minutos\" \/>\n<script type=\"application\/ld+json\" class=\"yoast-schema-graph\">{\"@context\":\"https:\/\/schema.org\",\"@graph\":[{\"@type\":\"WebPage\",\"@id\":\"http:\/\/ramnet.es\/ramnet\/politica-de-privacidad\",\"url\":\"http:\/\/ramnet.es\/ramnet\/politica-de-privacidad\",\"name\":\"Pol\u00edtica de Privacidad - RAMNET INFORM\u00c1TICA\",\"isPartOf\":{\"@id\":\"http:\/\/ramnet.es\/ramnet\/#website\"},\"datePublished\":\"2018-09-06T09:28:51+00:00\",\"breadcrumb\":{\"@id\":\"http:\/\/ramnet.es\/ramnet\/politica-de-privacidad#breadcrumb\"},\"inLanguage\":\"es\",\"potentialAction\":[{\"@type\":\"ReadAction\",\"target\":[\"http:\/\/ramnet.es\/ramnet\/politica-de-privacidad\"]}]},{\"@type\":\"BreadcrumbList\",\"@id\":\"http:\/\/ramnet.es\/ramnet\/politica-de-privacidad#breadcrumb\",\"itemListElement\":[{\"@type\":\"ListItem\",\"position\":1,\"name\":\"Portada\",\"item\":\"http:\/\/ramnet.es\/ramnet\/\"},{\"@type\":\"ListItem\",\"position\":2,\"name\":\"Pol\u00edtica de Privacidad\"}]},{\"@type\":\"WebSite\",\"@id\":\"http:\/\/ramnet.es\/ramnet\/#website\",\"url\":\"http:\/\/ramnet.es\/ramnet\/\",\"name\":\"RAMNET INFORM\u00c1TICA\",\"description\":\"La inform\u00e1tica a tu servicio\",\"publisher\":{\"@id\":\"http:\/\/ramnet.es\/ramnet\/#organization\"},\"potentialAction\":[{\"@type\":\"SearchAction\",\"target\":{\"@type\":\"EntryPoint\",\"urlTemplate\":\"http:\/\/ramnet.es\/ramnet\/?s={search_term_string}\"},\"query-input\":{\"@type\":\"PropertyValueSpecification\",\"valueRequired\":true,\"valueName\":\"search_term_string\"}}],\"inLanguage\":\"es\"},{\"@type\":\"Organization\",\"@id\":\"http:\/\/ramnet.es\/ramnet\/#organization\",\"name\":\"RAMNET INFORM\u00c1TICA SLU\",\"url\":\"http:\/\/ramnet.es\/ramnet\/\",\"logo\":{\"@type\":\"ImageObject\",\"inLanguage\":\"es\",\"@id\":\"http:\/\/ramnet.es\/ramnet\/#\/schema\/logo\/image\/\",\"url\":\"https:\/\/ramnet.es\/ramnet\/wp-content\/uploads\/2025\/11\/logoNuevoSLUsinFondo.png\",\"contentUrl\":\"https:\/\/ramnet.es\/ramnet\/wp-content\/uploads\/2025\/11\/logoNuevoSLUsinFondo.png\",\"width\":1920,\"height\":1080,\"caption\":\"RAMNET INFORM\u00c1TICA SLU\"},\"image\":{\"@id\":\"http:\/\/ramnet.es\/ramnet\/#\/schema\/logo\/image\/\"}}]}<\/script>\n<!-- \/ Yoast SEO plugin. -->","yoast_head_json":{"title":"Pol\u00edtica de Privacidad - RAMNET INFORM\u00c1TICA","robots":{"index":"index","follow":"follow","max-snippet":"max-snippet:-1","max-image-preview":"max-image-preview:large","max-video-preview":"max-video-preview:-1"},"canonical":"http:\/\/ramnet.es\/ramnet\/politica-de-privacidad","og_locale":"es_ES","og_type":"article","og_title":"Pol\u00edtica de Privacidad - RAMNET INFORM\u00c1TICA","og_description":"Pol\u00edtica de Privacidad En cumplimiento de la normativa vigente en materia de Protecci\u00f3n de Datos personales, le informamos que los datos personales facilitados por los usuarios de esta Web en sus distintos formularios ser\u00e1n incorporados y tratados en uno o m\u00e1s ficheros titularidad de RAMNET INFORM\u00c1TICA S.L.U. con la finalidad de gestionar su solicitud, as\u00ed [&hellip;]","og_url":"http:\/\/ramnet.es\/ramnet\/politica-de-privacidad","og_site_name":"RAMNET INFORM\u00c1TICA","twitter_card":"summary_large_image","twitter_misc":{"Tiempo de lectura":"2 minutos"},"schema":{"@context":"https:\/\/schema.org","@graph":[{"@type":"WebPage","@id":"http:\/\/ramnet.es\/ramnet\/politica-de-privacidad","url":"http:\/\/ramnet.es\/ramnet\/politica-de-privacidad","name":"Pol\u00edtica de Privacidad - RAMNET INFORM\u00c1TICA","isPartOf":{"@id":"http:\/\/ramnet.es\/ramnet\/#website"},"datePublished":"2018-09-06T09:28:51+00:00","breadcrumb":{"@id":"http:\/\/ramnet.es\/ramnet\/politica-de-privacidad#breadcrumb"},"inLanguage":"es","potentialAction":[{"@type":"ReadAction","target":["http:\/\/ramnet.es\/ramnet\/politica-de-privacidad"]}]},{"@type":"BreadcrumbList","@id":"http:\/\/ramnet.es\/ramnet\/politica-de-privacidad#breadcrumb","itemListElement":[{"@type":"ListItem","position":1,"name":"Portada","item":"http:\/\/ramnet.es\/ramnet\/"},{"@type":"ListItem","position":2,"name":"Pol\u00edtica de Privacidad"}]},{"@type":"WebSite","@id":"http:\/\/ramnet.es\/ramnet\/#website","url":"http:\/\/ramnet.es\/ramnet\/","name":"RAMNET INFORM\u00c1TICA","description":"La inform\u00e1tica a tu servicio","publisher":{"@id":"http:\/\/ramnet.es\/ramnet\/#organization"},"potentialAction":[{"@type":"SearchAction","target":{"@type":"EntryPoint","urlTemplate":"http:\/\/ramnet.es\/ramnet\/?s={search_term_string}"},"query-input":{"@type":"PropertyValueSpecification","valueRequired":true,"valueName":"search_term_string"}}],"inLanguage":"es"},{"@type":"Organization","@id":"http:\/\/ramnet.es\/ramnet\/#organization","name":"RAMNET INFORM\u00c1TICA SLU","url":"http:\/\/ramnet.es\/ramnet\/","logo":{"@type":"ImageObject","inLanguage":"es","@id":"http:\/\/ramnet.es\/ramnet\/#\/schema\/logo\/image\/","url":"https:\/\/ramnet.es\/ramnet\/wp-content\/uploads\/2025\/11\/logoNuevoSLUsinFondo.png","contentUrl":"https:\/\/ramnet.es\/ramnet\/wp-content\/uploads\/2025\/11\/logoNuevoSLUsinFondo.png","width":1920,"height":1080,"caption":"RAMNET INFORM\u00c1TICA SLU"},"image":{"@id":"http:\/\/ramnet.es\/ramnet\/#\/schema\/logo\/image\/"}}]}},"_links":{"self":[{"href":"https:\/\/ramnet.es\/ramnet\/wp-json\/wp\/v2\/pages\/206984","targetHints":{"allow":["GET"]}}],"collection":[{"href":"https:\/\/ramnet.es\/ramnet\/wp-json\/wp\/v2\/pages"}],"about":[{"href":"https:\/\/ramnet.es\/ramnet\/wp-json\/wp\/v2\/types\/page"}],"author":[{"embeddable":true,"href":"https:\/\/ramnet.es\/ramnet\/wp-json\/wp\/v2\/users\/1"}],"replies":[{"embeddable":true,"href":"https:\/\/ramnet.es\/ramnet\/wp-json\/wp\/v2\/comments?post=206984"}],"version-history":[{"count":2,"href":"https:\/\/ramnet.es\/ramnet\/wp-json\/wp\/v2\/pages\/206984\/revisions"}],"predecessor-version":[{"id":206986,"href":"https:\/\/ramnet.es\/ramnet\/wp-json\/wp\/v2\/pages\/206984\/revisions\/206986"}],"wp:attachment":[{"href":"https:\/\/ramnet.es\/ramnet\/wp-json\/wp\/v2\/media?parent=206984"}],"curies":[{"name":"wp","href":"https:\/\/api.w.org\/{rel}","templated":true}]}}