{"id":206979,"date":"2018-09-06T11:49:53","date_gmt":"2018-09-06T09:49:53","guid":{"rendered":"http:\/\/ramnet.es\/ramnet\/?page_id=206979"},"modified":"2018-09-06T11:49:53","modified_gmt":"2018-09-06T09:49:53","slug":"aviso-legal","status":"publish","type":"page","link":"https:\/\/ramnet.es\/ramnet\/aviso-legal","title":{"rendered":"Aviso legal"},"content":{"rendered":"<p>[et_pb_section bb_built=\u00bb1&#8243; admin_label=\u00bbHero Section\u00bb _builder_version=\u00bb3.0.92&#8243; use_background_color_gradient=\u00bbon\u00bb background_color_gradient_start=\u00bb#2d3756&#8243; background_color_gradient_end=\u00bb#212529&#8243; custom_padding=\u00bb102px|0px|100px|0px|false|false\u00bb][et_pb_row _builder_version=\u00bb3.0.93&#8243; background_size=\u00bbinitial\u00bb background_position=\u00bbtop_left\u00bb background_repeat=\u00bbrepeat\u00bb][et_pb_column type=\u00bb4_4&#8243;][et_pb_text _builder_version=\u00bb3.13.1&#8243; text_font=\u00bbPT Sans||||||||\u00bb text_text_color=\u00bbrgba(255,255,255,0.7)\u00bb text_font_size=\u00bb18px\u00bb text_line_height=\u00bb1.8em\u00bb header_font=\u00bbPoppins|500|||||||\u00bb header_font_size=\u00bb44px\u00bb header_line_height=\u00bb1.3em\u00bb text_orientation=\u00bbcenter\u00bb background_layout=\u00bbdark\u00bb max_width=\u00bb700px\u00bb module_alignment=\u00bbcenter\u00bb]<\/p>\n<h1><span style=\"text-decoration: underline;\">Aviso Legal<\/span><\/h1>\n<p>&nbsp;<\/p>\n<p style=\"text-align: justify;\">RAMNET INFORM\u00c1TICA S.L.U., en cumplimiento del art\u00edculo 10 de la Ley 34\/2002 de Servicios de la Sociedad de la Informaci\u00f3n y Comercio Electr\u00f3nico, informa:<\/p>\n<p style=\"text-align: justify;\">Que es titular del dominio del sitio web (www.ramnet.es)<\/p>\n<p style=\"text-align: justify;\">Que sus datos identificativos son:<\/p>\n<ul>\n<li style=\"text-align: justify;\">\u00a0\u00a0\u00a0\u00a0 RAMNET INFORM\u00c1TICA S.L.U.<\/li>\n<li style=\"text-align: justify;\">\u00a0\u00a0\u00a0\u00a0 577, NUM. 33, LA CA\u00d1ADA<\/li>\n<li style=\"text-align: justify;\">\u00a0\u00a0\u00a0\u00a0 PATERNA<\/li>\n<li style=\"text-align: justify;\">\u00a0\u00a0\u00a0\u00a0 VALENCIA<\/li>\n<\/ul>\n<p style=\"text-align: justify;\">Que se encuentra inscrita con el NIF B98895394 en el Registro Mercantil con fecha cuatro de abril de dos mil diecisiete, en el tomo 10262, folio 101, inscripci\u00f3n 1 con hoja V-176553.<\/p>\n<p style=\"text-align: justify;\">La utilizaci\u00f3n del sitio web otorga la condici\u00f3n de usuario e implica la plena aceptaci\u00f3n a todas las disposiciones contenidas en este Aviso Legal y en la Pol\u00edtica de Privacidad. Si el usuario no est\u00e1 de acuerdo con las condiciones aqu\u00ed establecidas deber\u00eda desestimar el acceso y la utilizaci\u00f3n del sitio web.<\/p>\n<p style=\"text-align: justify;\">El contenido del sitio web es propiedad de RAMNET INFORM\u00c1TICA S.L.U. y se proh\u00edbe cualquier tipo de copia o reproducci\u00f3n de todo o parte del contenido sin autorizci\u00f3n expresa de su propietario.<\/p>\n<p style=\"text-align: justify;\">RAMNET INFORM\u00c1TICA S.L.U. no asume ninguna responbsabilidad sobre los enlaces externos de terceros que pudieran incorporarse en el sitio web, al no tener ning\u00fan tipo de control sobre ellos, sobre sus contenidos, los servicios que presten o la forma en que \u00e9stos aparezcan.<\/p>\n<p style=\"text-align: justify;\">El usuario del sitio web se compromete a hacer un uso adecuado del mismo, a no emplearlo para pr\u00e1cticas contrarias a la Ley o la buena fe y a no provocar da\u00f1os en los sistemas f\u00edsicos y l\u00f3gicos de RAMNET INFORM\u00c1TICA S.L.U..<\/p>\n<p>&nbsp;<\/p>\n<p>[\/et_pb_text][\/et_pb_column][\/et_pb_row][\/et_pb_section]<\/p>\n","protected":false},"excerpt":{"rendered":"<p>Aviso Legal &nbsp; RAMNET INFORM\u00c1TICA S.L.U., en cumplimiento del art\u00edculo 10 de la Ley 34\/2002 de Servicios de la Sociedad de la Informaci\u00f3n y Comercio Electr\u00f3nico, informa: Que es titular del dominio del sitio web (www.ramnet.es) Que sus datos identificativos son: \u00a0\u00a0\u00a0\u00a0 RAMNET INFORM\u00c1TICA S.L.U. \u00a0\u00a0\u00a0\u00a0 577, NUM. 33, LA CA\u00d1ADA \u00a0\u00a0\u00a0\u00a0 PATERNA \u00a0\u00a0\u00a0\u00a0 VALENCIA [&hellip;]<\/p>\n","protected":false},"author":1,"featured_media":0,"parent":0,"menu_order":0,"comment_status":"closed","ping_status":"closed","template":"","meta":{"_et_pb_use_builder":"on","_et_pb_old_content":"","_et_gb_content_width":"","footnotes":""},"class_list":["post-206979","page","type-page","status-publish","hentry"],"yoast_head":"<!-- This site is optimized with the Yoast SEO plugin v26.9 - https:\/\/yoast.com\/product\/yoast-seo-wordpress\/ -->\n<title>Aviso legal - RAMNET INFORM\u00c1TICA<\/title>\n<meta name=\"robots\" content=\"index, follow, max-snippet:-1, max-image-preview:large, max-video-preview:-1\" \/>\n<link rel=\"canonical\" href=\"https:\/\/ramnet.es\/ramnet\/aviso-legal\" \/>\n<meta property=\"og:locale\" content=\"es_ES\" \/>\n<meta property=\"og:type\" content=\"article\" \/>\n<meta property=\"og:title\" content=\"Aviso legal - RAMNET INFORM\u00c1TICA\" \/>\n<meta property=\"og:description\" content=\"Aviso Legal &nbsp; RAMNET INFORM\u00c1TICA S.L.U., en cumplimiento del art\u00edculo 10 de la Ley 34\/2002 de Servicios de la Sociedad de la Informaci\u00f3n y Comercio Electr\u00f3nico, informa: Que es titular del dominio del sitio web (www.ramnet.es) Que sus datos identificativos son: \u00a0\u00a0\u00a0\u00a0 RAMNET INFORM\u00c1TICA S.L.U. \u00a0\u00a0\u00a0\u00a0 577, NUM. 33, LA CA\u00d1ADA \u00a0\u00a0\u00a0\u00a0 PATERNA \u00a0\u00a0\u00a0\u00a0 VALENCIA [&hellip;]\" \/>\n<meta property=\"og:url\" content=\"https:\/\/ramnet.es\/ramnet\/aviso-legal\" \/>\n<meta property=\"og:site_name\" content=\"RAMNET INFORM\u00c1TICA\" \/>\n<meta name=\"twitter:card\" content=\"summary_large_image\" \/>\n<meta name=\"twitter:label1\" content=\"Tiempo de lectura\" \/>\n\t<meta name=\"twitter:data1\" content=\"2 minutos\" \/>\n<script type=\"application\/ld+json\" class=\"yoast-schema-graph\">{\"@context\":\"https:\/\/schema.org\",\"@graph\":[{\"@type\":\"WebPage\",\"@id\":\"https:\/\/ramnet.es\/ramnet\/aviso-legal\",\"url\":\"https:\/\/ramnet.es\/ramnet\/aviso-legal\",\"name\":\"Aviso legal - RAMNET INFORM\u00c1TICA\",\"isPartOf\":{\"@id\":\"https:\/\/ramnet.es\/ramnet\/#website\"},\"datePublished\":\"2018-09-06T09:49:53+00:00\",\"breadcrumb\":{\"@id\":\"https:\/\/ramnet.es\/ramnet\/aviso-legal#breadcrumb\"},\"inLanguage\":\"es\",\"potentialAction\":[{\"@type\":\"ReadAction\",\"target\":[\"https:\/\/ramnet.es\/ramnet\/aviso-legal\"]}]},{\"@type\":\"BreadcrumbList\",\"@id\":\"https:\/\/ramnet.es\/ramnet\/aviso-legal#breadcrumb\",\"itemListElement\":[{\"@type\":\"ListItem\",\"position\":1,\"name\":\"Portada\",\"item\":\"https:\/\/ramnet.es\/ramnet\/\"},{\"@type\":\"ListItem\",\"position\":2,\"name\":\"Aviso legal\"}]},{\"@type\":\"WebSite\",\"@id\":\"https:\/\/ramnet.es\/ramnet\/#website\",\"url\":\"https:\/\/ramnet.es\/ramnet\/\",\"name\":\"RAMNET INFORM\u00c1TICA\",\"description\":\"La inform\u00e1tica a tu servicio\",\"publisher\":{\"@id\":\"https:\/\/ramnet.es\/ramnet\/#organization\"},\"potentialAction\":[{\"@type\":\"SearchAction\",\"target\":{\"@type\":\"EntryPoint\",\"urlTemplate\":\"https:\/\/ramnet.es\/ramnet\/?s={search_term_string}\"},\"query-input\":{\"@type\":\"PropertyValueSpecification\",\"valueRequired\":true,\"valueName\":\"search_term_string\"}}],\"inLanguage\":\"es\"},{\"@type\":\"Organization\",\"@id\":\"https:\/\/ramnet.es\/ramnet\/#organization\",\"name\":\"RAMNET INFORM\u00c1TICA SLU\",\"url\":\"https:\/\/ramnet.es\/ramnet\/\",\"logo\":{\"@type\":\"ImageObject\",\"inLanguage\":\"es\",\"@id\":\"https:\/\/ramnet.es\/ramnet\/#\/schema\/logo\/image\/\",\"url\":\"https:\/\/ramnet.es\/ramnet\/wp-content\/uploads\/2025\/11\/logoNuevoSLUsinFondo.png\",\"contentUrl\":\"https:\/\/ramnet.es\/ramnet\/wp-content\/uploads\/2025\/11\/logoNuevoSLUsinFondo.png\",\"width\":1920,\"height\":1080,\"caption\":\"RAMNET INFORM\u00c1TICA SLU\"},\"image\":{\"@id\":\"https:\/\/ramnet.es\/ramnet\/#\/schema\/logo\/image\/\"}}]}<\/script>\n<!-- \/ Yoast SEO plugin. -->","yoast_head_json":{"title":"Aviso legal - RAMNET INFORM\u00c1TICA","robots":{"index":"index","follow":"follow","max-snippet":"max-snippet:-1","max-image-preview":"max-image-preview:large","max-video-preview":"max-video-preview:-1"},"canonical":"https:\/\/ramnet.es\/ramnet\/aviso-legal","og_locale":"es_ES","og_type":"article","og_title":"Aviso legal - RAMNET INFORM\u00c1TICA","og_description":"Aviso Legal &nbsp; RAMNET INFORM\u00c1TICA S.L.U., en cumplimiento del art\u00edculo 10 de la Ley 34\/2002 de Servicios de la Sociedad de la Informaci\u00f3n y Comercio Electr\u00f3nico, informa: Que es titular del dominio del sitio web (www.ramnet.es) Que sus datos identificativos son: \u00a0\u00a0\u00a0\u00a0 RAMNET INFORM\u00c1TICA S.L.U. \u00a0\u00a0\u00a0\u00a0 577, NUM. 33, LA CA\u00d1ADA \u00a0\u00a0\u00a0\u00a0 PATERNA \u00a0\u00a0\u00a0\u00a0 VALENCIA [&hellip;]","og_url":"https:\/\/ramnet.es\/ramnet\/aviso-legal","og_site_name":"RAMNET INFORM\u00c1TICA","twitter_card":"summary_large_image","twitter_misc":{"Tiempo de lectura":"2 minutos"},"schema":{"@context":"https:\/\/schema.org","@graph":[{"@type":"WebPage","@id":"https:\/\/ramnet.es\/ramnet\/aviso-legal","url":"https:\/\/ramnet.es\/ramnet\/aviso-legal","name":"Aviso legal - RAMNET INFORM\u00c1TICA","isPartOf":{"@id":"https:\/\/ramnet.es\/ramnet\/#website"},"datePublished":"2018-09-06T09:49:53+00:00","breadcrumb":{"@id":"https:\/\/ramnet.es\/ramnet\/aviso-legal#breadcrumb"},"inLanguage":"es","potentialAction":[{"@type":"ReadAction","target":["https:\/\/ramnet.es\/ramnet\/aviso-legal"]}]},{"@type":"BreadcrumbList","@id":"https:\/\/ramnet.es\/ramnet\/aviso-legal#breadcrumb","itemListElement":[{"@type":"ListItem","position":1,"name":"Portada","item":"https:\/\/ramnet.es\/ramnet\/"},{"@type":"ListItem","position":2,"name":"Aviso legal"}]},{"@type":"WebSite","@id":"https:\/\/ramnet.es\/ramnet\/#website","url":"https:\/\/ramnet.es\/ramnet\/","name":"RAMNET INFORM\u00c1TICA","description":"La inform\u00e1tica a tu servicio","publisher":{"@id":"https:\/\/ramnet.es\/ramnet\/#organization"},"potentialAction":[{"@type":"SearchAction","target":{"@type":"EntryPoint","urlTemplate":"https:\/\/ramnet.es\/ramnet\/?s={search_term_string}"},"query-input":{"@type":"PropertyValueSpecification","valueRequired":true,"valueName":"search_term_string"}}],"inLanguage":"es"},{"@type":"Organization","@id":"https:\/\/ramnet.es\/ramnet\/#organization","name":"RAMNET INFORM\u00c1TICA SLU","url":"https:\/\/ramnet.es\/ramnet\/","logo":{"@type":"ImageObject","inLanguage":"es","@id":"https:\/\/ramnet.es\/ramnet\/#\/schema\/logo\/image\/","url":"https:\/\/ramnet.es\/ramnet\/wp-content\/uploads\/2025\/11\/logoNuevoSLUsinFondo.png","contentUrl":"https:\/\/ramnet.es\/ramnet\/wp-content\/uploads\/2025\/11\/logoNuevoSLUsinFondo.png","width":1920,"height":1080,"caption":"RAMNET INFORM\u00c1TICA SLU"},"image":{"@id":"https:\/\/ramnet.es\/ramnet\/#\/schema\/logo\/image\/"}}]}},"_links":{"self":[{"href":"https:\/\/ramnet.es\/ramnet\/wp-json\/wp\/v2\/pages\/206979","targetHints":{"allow":["GET"]}}],"collection":[{"href":"https:\/\/ramnet.es\/ramnet\/wp-json\/wp\/v2\/pages"}],"about":[{"href":"https:\/\/ramnet.es\/ramnet\/wp-json\/wp\/v2\/types\/page"}],"author":[{"embeddable":true,"href":"https:\/\/ramnet.es\/ramnet\/wp-json\/wp\/v2\/users\/1"}],"replies":[{"embeddable":true,"href":"https:\/\/ramnet.es\/ramnet\/wp-json\/wp\/v2\/comments?post=206979"}],"version-history":[{"count":3,"href":"https:\/\/ramnet.es\/ramnet\/wp-json\/wp\/v2\/pages\/206979\/revisions"}],"predecessor-version":[{"id":206990,"href":"https:\/\/ramnet.es\/ramnet\/wp-json\/wp\/v2\/pages\/206979\/revisions\/206990"}],"wp:attachment":[{"href":"https:\/\/ramnet.es\/ramnet\/wp-json\/wp\/v2\/media?parent=206979"}],"curies":[{"name":"wp","href":"https:\/\/api.w.org\/{rel}","templated":true}]}}